{"id":114,"date":"2017-12-04T11:32:59","date_gmt":"2017-12-04T10:32:59","guid":{"rendered":"http:\/\/abc-businesscenter.com\/contact\/"},"modified":"2017-12-12T12:36:40","modified_gmt":"2017-12-12T11:36:40","slug":"contact","status":"publish","type":"page","link":"https:\/\/abc-businesscenter.com\/en\/contact\/","title":{"rendered":"Contact"},"content":{"rendered":"\n<div class=\"wpcf7 no-js\" id=\"wpcf7-f116-o1\" lang=\"fr-FR\" dir=\"ltr\" data-wpcf7-id=\"116\">\n<div class=\"screen-reader-response\"><p role=\"status\" aria-live=\"polite\" aria-atomic=\"true\"><\/p> <ul><\/ul><\/div>\n<form action=\"\/en\/wp-json\/wp\/v2\/pages\/114#wpcf7-f116-o1\" method=\"post\" class=\"wpcf7-form init\" aria-label=\"Formulaire de contact\" novalidate=\"novalidate\" data-status=\"init\">\n<fieldset class=\"hidden-fields-container\"><input type=\"hidden\" name=\"_wpcf7\" value=\"116\" \/><input type=\"hidden\" name=\"_wpcf7_version\" value=\"6.1.5\" \/><input type=\"hidden\" name=\"_wpcf7_locale\" value=\"fr_FR\" \/><input type=\"hidden\" name=\"_wpcf7_unit_tag\" value=\"wpcf7-f116-o1\" \/><input type=\"hidden\" name=\"_wpcf7_container_post\" value=\"0\" \/><input type=\"hidden\" name=\"_wpcf7_posted_data_hash\" value=\"\" \/>\n<\/fieldset>\n<div class=\"grid-container grid-parent\" id=\"form\">\n\t<div class=\"grid-50 tablet-grid-50\">\n\t\t<p><label> Your name *<br \/>\n<span class=\"wpcf7-form-control-wrap\" data-name=\"your-name\"><input size=\"40\" maxlength=\"400\" class=\"wpcf7-form-control wpcf7-text wpcf7-validates-as-required\" aria-required=\"true\" aria-invalid=\"false\" value=\"\" type=\"text\" name=\"your-name\" \/><\/span> <\/label>\n\t\t<\/p>\n\t<\/div>\n\t<div class=\"grid-50 tablet-grid-50\">\n\t\t<p><label> Your email *<br \/>\n<span class=\"wpcf7-form-control-wrap\" data-name=\"your-email\"><input size=\"40\" maxlength=\"400\" class=\"wpcf7-form-control wpcf7-email wpcf7-validates-as-required wpcf7-text wpcf7-validates-as-email\" aria-required=\"true\" aria-invalid=\"false\" value=\"\" type=\"email\" name=\"your-email\" \/><\/span> <\/label>\n\t\t<\/p>\n\t<\/div>\n\t<div class=\"grid-100\">\n\t\t<p><label> Object<br \/>\n<span class=\"wpcf7-form-control-wrap\" data-name=\"your-subject\"><input size=\"40\" maxlength=\"400\" class=\"wpcf7-form-control wpcf7-text\" aria-invalid=\"false\" value=\"\" type=\"text\" name=\"your-subject\" \/><\/span> <\/label>\n\t\t<\/p>\n\t<\/div>\n\t<div class=\"grid-100\">\n\t\t<p><label> Your message<br \/>\n<span class=\"wpcf7-form-control-wrap\" data-name=\"your-message\"><textarea cols=\"40\" rows=\"10\" maxlength=\"2000\" class=\"wpcf7-form-control wpcf7-textarea\" aria-invalid=\"false\" name=\"your-message\"><\/textarea><\/span> <\/label>\n\t\t<\/p>\n\t<\/div>\n\t<div class=\"grid-100\">\n\t\t<p><input class=\"wpcf7-form-control wpcf7-submit has-spinner\" type=\"submit\" value=\"Send\" \/>\n\t\t<\/p>\n\t<\/div>\n<\/div><div class=\"frc-captcha \" data-sitekey=\"FCMQ34309NMSPKUD\" data-lang=\"en\" ><\/div>\n\t\t<noscript>You need to enable Javascript for the anti-spam check.<\/noscript><div class=\"wpcf7-response-output\" aria-hidden=\"true\"><\/div>\n<\/form>\n<\/div>\n\n","protected":false},"excerpt":{"rendered":"","protected":false},"author":1,"featured_media":344,"parent":0,"menu_order":0,"comment_status":"closed","ping_status":"closed","template":"","meta":{"_acf_changed":false,"footnotes":""},"class_list":["post-114","page","type-page","status-publish","has-post-thumbnail","hentry"],"acf":[],"yoast_head":"<!-- This site is optimized with the Yoast SEO plugin v27.2 - https:\/\/yoast.com\/product\/yoast-seo-wordpress\/ -->\n<title>Contact - ABC Business Center<\/title>\n<meta name=\"robots\" content=\"index, follow, max-snippet:-1, max-image-preview:large, max-video-preview:-1\" \/>\n<link rel=\"canonical\" href=\"https:\/\/abc-businesscenter.com\/en\/contact\/\" \/>\n<meta property=\"og:locale\" content=\"en_US\" \/>\n<meta property=\"og:type\" content=\"article\" \/>\n<meta property=\"og:title\" content=\"Contact - ABC Business Center\" \/>\n<meta property=\"og:url\" content=\"https:\/\/abc-businesscenter.com\/en\/contact\/\" \/>\n<meta property=\"og:site_name\" content=\"ABC Business Center\" \/>\n<meta property=\"article:modified_time\" content=\"2017-12-12T11:36:40+00:00\" \/>\n<meta property=\"og:image\" content=\"https:\/\/abc-businesscenter.com\/wp-content\/uploads\/2020\/09\/STE-ABC-HD-41-scaled.jpg\" \/>\n\t<meta property=\"og:image:width\" content=\"2560\" \/>\n\t<meta property=\"og:image:height\" content=\"1707\" \/>\n\t<meta property=\"og:image:type\" content=\"image\/jpeg\" \/>\n<meta name=\"twitter:card\" content=\"summary_large_image\" \/>\n<script type=\"application\/ld+json\" class=\"yoast-schema-graph\">{\"@context\":\"https:\/\/schema.org\",\"@graph\":[{\"@type\":\"WebPage\",\"@id\":\"https:\/\/abc-businesscenter.com\/en\/contact\/\",\"url\":\"https:\/\/abc-businesscenter.com\/en\/contact\/\",\"name\":\"Contact - ABC Business Center\",\"isPartOf\":{\"@id\":\"https:\/\/abc-businesscenter.com\/#website\"},\"primaryImageOfPage\":{\"@id\":\"https:\/\/abc-businesscenter.com\/en\/contact\/#primaryimage\"},\"image\":{\"@id\":\"https:\/\/abc-businesscenter.com\/en\/contact\/#primaryimage\"},\"thumbnailUrl\":\"https:\/\/abc-businesscenter.com\/wp-content\/uploads\/2020\/09\/STE-ABC-HD-41-scaled.jpg\",\"datePublished\":\"2017-12-04T10:32:59+00:00\",\"dateModified\":\"2017-12-12T11:36:40+00:00\",\"breadcrumb\":{\"@id\":\"https:\/\/abc-businesscenter.com\/en\/contact\/#breadcrumb\"},\"inLanguage\":\"en-US\",\"potentialAction\":[{\"@type\":\"ReadAction\",\"target\":[\"https:\/\/abc-businesscenter.com\/en\/contact\/\"]}]},{\"@type\":\"ImageObject\",\"inLanguage\":\"en-US\",\"@id\":\"https:\/\/abc-businesscenter.com\/en\/contact\/#primaryimage\",\"url\":\"https:\/\/abc-businesscenter.com\/wp-content\/uploads\/2020\/09\/STE-ABC-HD-41-scaled.jpg\",\"contentUrl\":\"https:\/\/abc-businesscenter.com\/wp-content\/uploads\/2020\/09\/STE-ABC-HD-41-scaled.jpg\",\"width\":2560,\"height\":1707},{\"@type\":\"BreadcrumbList\",\"@id\":\"https:\/\/abc-businesscenter.com\/en\/contact\/#breadcrumb\",\"itemListElement\":[{\"@type\":\"ListItem\",\"position\":1,\"name\":\"Accueil\",\"item\":\"https:\/\/abc-businesscenter.com\/en\/\"},{\"@type\":\"ListItem\",\"position\":2,\"name\":\"Contact\"}]},{\"@type\":\"WebSite\",\"@id\":\"https:\/\/abc-businesscenter.com\/#website\",\"url\":\"https:\/\/abc-businesscenter.com\/\",\"name\":\"ABC Business Center\",\"description\":\"Bureaux exclusifs, Espaces de coworking , Salle de r\u00e9union. Un environnement de travail sp\u00e9cialement con\u00e7u pour optimiser vos performances. Salle de r\u00e9union. Bureaux exclusifs. Contact d\u00e9di\u00e9 unique.\",\"potentialAction\":[{\"@type\":\"SearchAction\",\"target\":{\"@type\":\"EntryPoint\",\"urlTemplate\":\"https:\/\/abc-businesscenter.com\/?s={search_term_string}\"},\"query-input\":{\"@type\":\"PropertyValueSpecification\",\"valueRequired\":true,\"valueName\":\"search_term_string\"}}],\"inLanguage\":\"en-US\"}]}<\/script>\n<!-- \/ Yoast SEO plugin. -->","yoast_head_json":{"title":"Contact - ABC Business Center","robots":{"index":"index","follow":"follow","max-snippet":"max-snippet:-1","max-image-preview":"max-image-preview:large","max-video-preview":"max-video-preview:-1"},"canonical":"https:\/\/abc-businesscenter.com\/en\/contact\/","og_locale":"en_US","og_type":"article","og_title":"Contact - ABC Business Center","og_url":"https:\/\/abc-businesscenter.com\/en\/contact\/","og_site_name":"ABC Business Center","article_modified_time":"2017-12-12T11:36:40+00:00","og_image":[{"width":2560,"height":1707,"url":"https:\/\/abc-businesscenter.com\/wp-content\/uploads\/2020\/09\/STE-ABC-HD-41-scaled.jpg","type":"image\/jpeg"}],"twitter_card":"summary_large_image","schema":{"@context":"https:\/\/schema.org","@graph":[{"@type":"WebPage","@id":"https:\/\/abc-businesscenter.com\/en\/contact\/","url":"https:\/\/abc-businesscenter.com\/en\/contact\/","name":"Contact - ABC Business Center","isPartOf":{"@id":"https:\/\/abc-businesscenter.com\/#website"},"primaryImageOfPage":{"@id":"https:\/\/abc-businesscenter.com\/en\/contact\/#primaryimage"},"image":{"@id":"https:\/\/abc-businesscenter.com\/en\/contact\/#primaryimage"},"thumbnailUrl":"https:\/\/abc-businesscenter.com\/wp-content\/uploads\/2020\/09\/STE-ABC-HD-41-scaled.jpg","datePublished":"2017-12-04T10:32:59+00:00","dateModified":"2017-12-12T11:36:40+00:00","breadcrumb":{"@id":"https:\/\/abc-businesscenter.com\/en\/contact\/#breadcrumb"},"inLanguage":"en-US","potentialAction":[{"@type":"ReadAction","target":["https:\/\/abc-businesscenter.com\/en\/contact\/"]}]},{"@type":"ImageObject","inLanguage":"en-US","@id":"https:\/\/abc-businesscenter.com\/en\/contact\/#primaryimage","url":"https:\/\/abc-businesscenter.com\/wp-content\/uploads\/2020\/09\/STE-ABC-HD-41-scaled.jpg","contentUrl":"https:\/\/abc-businesscenter.com\/wp-content\/uploads\/2020\/09\/STE-ABC-HD-41-scaled.jpg","width":2560,"height":1707},{"@type":"BreadcrumbList","@id":"https:\/\/abc-businesscenter.com\/en\/contact\/#breadcrumb","itemListElement":[{"@type":"ListItem","position":1,"name":"Accueil","item":"https:\/\/abc-businesscenter.com\/en\/"},{"@type":"ListItem","position":2,"name":"Contact"}]},{"@type":"WebSite","@id":"https:\/\/abc-businesscenter.com\/#website","url":"https:\/\/abc-businesscenter.com\/","name":"ABC Business Center","description":"Bureaux exclusifs, Espaces de coworking , Salle de r\u00e9union. Un environnement de travail sp\u00e9cialement con\u00e7u pour optimiser vos performances. Salle de r\u00e9union. Bureaux exclusifs. Contact d\u00e9di\u00e9 unique.","potentialAction":[{"@type":"SearchAction","target":{"@type":"EntryPoint","urlTemplate":"https:\/\/abc-businesscenter.com\/?s={search_term_string}"},"query-input":{"@type":"PropertyValueSpecification","valueRequired":true,"valueName":"search_term_string"}}],"inLanguage":"en-US"}]}},"_links":{"self":[{"href":"https:\/\/abc-businesscenter.com\/en\/wp-json\/wp\/v2\/pages\/114","targetHints":{"allow":["GET"]}}],"collection":[{"href":"https:\/\/abc-businesscenter.com\/en\/wp-json\/wp\/v2\/pages"}],"about":[{"href":"https:\/\/abc-businesscenter.com\/en\/wp-json\/wp\/v2\/types\/page"}],"author":[{"embeddable":true,"href":"https:\/\/abc-businesscenter.com\/en\/wp-json\/wp\/v2\/users\/1"}],"replies":[{"embeddable":true,"href":"https:\/\/abc-businesscenter.com\/en\/wp-json\/wp\/v2\/comments?post=114"}],"version-history":[{"count":1,"href":"https:\/\/abc-businesscenter.com\/en\/wp-json\/wp\/v2\/pages\/114\/revisions"}],"predecessor-version":[{"id":117,"href":"https:\/\/abc-businesscenter.com\/en\/wp-json\/wp\/v2\/pages\/114\/revisions\/117"}],"wp:featuredmedia":[{"embeddable":true,"href":"https:\/\/abc-businesscenter.com\/en\/wp-json\/wp\/v2\/media\/344"}],"wp:attachment":[{"href":"https:\/\/abc-businesscenter.com\/en\/wp-json\/wp\/v2\/media?parent=114"}],"curies":[{"name":"wp","href":"https:\/\/api.w.org\/{rel}","templated":true}]}}