{"id":271,"date":"2017-12-04T11:32:40","date_gmt":"2017-12-04T10:32:40","guid":{"rendered":"http:\/\/abc-businesscenter.com\/le-centre\/"},"modified":"2018-03-22T16:43:49","modified_gmt":"2018-03-22T15:43:49","slug":"the-centre","status":"publish","type":"page","link":"https:\/\/abc-businesscenter.com\/en\/the-centre\/","title":{"rendered":"The Centre"},"content":{"rendered":"<h1>The Centre<\/h1>\n<p style=\"text-align: justify;\">ABC helps you find the solutions so that your company can operate effectively in the Principality.<\/p>\n<p>You focus on building a thriving business, ABC will take care of the rest.<\/p>\n<p>Situated right in the heart of Monaco, close to the train station and just a few metres from Fontvieille and the harbour, in the future district of la Condamine, ABC also has access to nearby carparks (Agaves car park &#8211; La Colle car park),<\/p>\n<p>ABC business centre is one of the only business centres on the ground floor to provide office space with natural lighting.<\/p>\n<p>Its premises offer individual offices, some of which have separate entrances, giving you considerable flexibility in how you receive your customers. ABC therefore provides 24\/7 tenancy agreements, for those requiring highly flexible working arrangements.<\/p>\n<p>A secretarial service can also be included as part of your package.<\/p>\n<p>Choose ABC for its unique flexible business solutions in the Principality.<\/p>\n<p>ABC can provide registered office addresses for your <em>soci\u00e9t\u00e9s civiles mon\u00e9gasques<\/em> (Non-trading companies under Monaco law), a telephone answering service as well as multilingual secretarial services.<\/p>\n<p>ABC also has 6 independent offices ranging from between 10 and 30 sq. m.; By leasing one of these offices you will be free to use your office space 24\/7. ABC has offices with separate entrances, so that your clients and participants in your different meetings can go directly to your offices using the entrance on the ground floor.<\/p>\n<p>ABC also has 25 Open space desks for people interesting in setting up a registered office in the Principality and enjoying a pleasant working environment in the heart of Monaco itself.<\/p>\n<p>A meeting room equipped with a TV screen is also available as well as a relaxation area and a tea room.<\/p>\n<p>&nbsp;<\/p>\n","protected":false},"excerpt":{"rendered":"<p>The Centre ABC helps you find the solutions so that your company can operate effectively in the Principality. You focus on building a thriving business, ABC will take care of the rest. Situated right in the heart of Monaco, close to the train station and just a few metres from Fontvieille and the harbour, in [&hellip;]<\/p>\n","protected":false},"author":1,"featured_media":359,"parent":0,"menu_order":0,"comment_status":"closed","ping_status":"closed","template":"template-content-col.php","meta":{"_acf_changed":false,"footnotes":""},"class_list":["post-271","page","type-page","status-publish","has-post-thumbnail","hentry"],"acf":[],"yoast_head":"<!-- This site is optimized with the Yoast SEO plugin v27.2 - https:\/\/yoast.com\/product\/yoast-seo-wordpress\/ -->\n<title>The Centre - ABC Business Center<\/title>\n<meta name=\"robots\" content=\"index, follow, max-snippet:-1, max-image-preview:large, max-video-preview:-1\" \/>\n<link rel=\"canonical\" href=\"https:\/\/abc-businesscenter.com\/en\/the-centre\/\" \/>\n<meta property=\"og:locale\" content=\"en_US\" \/>\n<meta property=\"og:type\" content=\"article\" \/>\n<meta property=\"og:title\" content=\"The Centre - ABC Business Center\" \/>\n<meta property=\"og:description\" content=\"The Centre ABC helps you find the solutions so that your company can operate effectively in the Principality. You focus on building a thriving business, ABC will take care of the rest. Situated right in the heart of Monaco, close to the train station and just a few metres from Fontvieille and the harbour, in [&hellip;]\" \/>\n<meta property=\"og:url\" content=\"https:\/\/abc-businesscenter.com\/en\/the-centre\/\" \/>\n<meta property=\"og:site_name\" content=\"ABC Business Center\" \/>\n<meta property=\"article:modified_time\" content=\"2018-03-22T15:43:49+00:00\" \/>\n<meta property=\"og:image\" content=\"https:\/\/abc-businesscenter.com\/wp-content\/uploads\/2020\/09\/bal-1.jpg\" \/>\n\t<meta property=\"og:image:width\" content=\"1500\" \/>\n\t<meta property=\"og:image:height\" content=\"1001\" \/>\n\t<meta property=\"og:image:type\" content=\"image\/jpeg\" \/>\n<meta name=\"twitter:card\" content=\"summary_large_image\" \/>\n<meta name=\"twitter:label1\" content=\"Est. reading time\" \/>\n\t<meta name=\"twitter:data1\" content=\"1 minute\" \/>\n<script type=\"application\/ld+json\" class=\"yoast-schema-graph\">{\"@context\":\"https:\/\/schema.org\",\"@graph\":[{\"@type\":\"WebPage\",\"@id\":\"https:\/\/abc-businesscenter.com\/en\/the-centre\/\",\"url\":\"https:\/\/abc-businesscenter.com\/en\/the-centre\/\",\"name\":\"The Centre - ABC Business Center\",\"isPartOf\":{\"@id\":\"https:\/\/abc-businesscenter.com\/#website\"},\"primaryImageOfPage\":{\"@id\":\"https:\/\/abc-businesscenter.com\/en\/the-centre\/#primaryimage\"},\"image\":{\"@id\":\"https:\/\/abc-businesscenter.com\/en\/the-centre\/#primaryimage\"},\"thumbnailUrl\":\"https:\/\/abc-businesscenter.com\/wp-content\/uploads\/2020\/09\/bal-1.jpg\",\"datePublished\":\"2017-12-04T10:32:40+00:00\",\"dateModified\":\"2018-03-22T15:43:49+00:00\",\"breadcrumb\":{\"@id\":\"https:\/\/abc-businesscenter.com\/en\/the-centre\/#breadcrumb\"},\"inLanguage\":\"en-US\",\"potentialAction\":[{\"@type\":\"ReadAction\",\"target\":[\"https:\/\/abc-businesscenter.com\/en\/the-centre\/\"]}]},{\"@type\":\"ImageObject\",\"inLanguage\":\"en-US\",\"@id\":\"https:\/\/abc-businesscenter.com\/en\/the-centre\/#primaryimage\",\"url\":\"https:\/\/abc-businesscenter.com\/wp-content\/uploads\/2020\/09\/bal-1.jpg\",\"contentUrl\":\"https:\/\/abc-businesscenter.com\/wp-content\/uploads\/2020\/09\/bal-1.jpg\",\"width\":1500,\"height\":1001},{\"@type\":\"BreadcrumbList\",\"@id\":\"https:\/\/abc-businesscenter.com\/en\/the-centre\/#breadcrumb\",\"itemListElement\":[{\"@type\":\"ListItem\",\"position\":1,\"name\":\"Accueil\",\"item\":\"https:\/\/abc-businesscenter.com\/en\/\"},{\"@type\":\"ListItem\",\"position\":2,\"name\":\"The Centre\"}]},{\"@type\":\"WebSite\",\"@id\":\"https:\/\/abc-businesscenter.com\/#website\",\"url\":\"https:\/\/abc-businesscenter.com\/\",\"name\":\"ABC Business Center\",\"description\":\"Bureaux exclusifs, Espaces de coworking , Salle de r\u00e9union. Un environnement de travail sp\u00e9cialement con\u00e7u pour optimiser vos performances. Salle de r\u00e9union. Bureaux exclusifs. Contact d\u00e9di\u00e9 unique.\",\"potentialAction\":[{\"@type\":\"SearchAction\",\"target\":{\"@type\":\"EntryPoint\",\"urlTemplate\":\"https:\/\/abc-businesscenter.com\/?s={search_term_string}\"},\"query-input\":{\"@type\":\"PropertyValueSpecification\",\"valueRequired\":true,\"valueName\":\"search_term_string\"}}],\"inLanguage\":\"en-US\"}]}<\/script>\n<!-- \/ Yoast SEO plugin. -->","yoast_head_json":{"title":"The Centre - ABC Business Center","robots":{"index":"index","follow":"follow","max-snippet":"max-snippet:-1","max-image-preview":"max-image-preview:large","max-video-preview":"max-video-preview:-1"},"canonical":"https:\/\/abc-businesscenter.com\/en\/the-centre\/","og_locale":"en_US","og_type":"article","og_title":"The Centre - ABC Business Center","og_description":"The Centre ABC helps you find the solutions so that your company can operate effectively in the Principality. You focus on building a thriving business, ABC will take care of the rest. Situated right in the heart of Monaco, close to the train station and just a few metres from Fontvieille and the harbour, in [&hellip;]","og_url":"https:\/\/abc-businesscenter.com\/en\/the-centre\/","og_site_name":"ABC Business Center","article_modified_time":"2018-03-22T15:43:49+00:00","og_image":[{"width":1500,"height":1001,"url":"https:\/\/abc-businesscenter.com\/wp-content\/uploads\/2020\/09\/bal-1.jpg","type":"image\/jpeg"}],"twitter_card":"summary_large_image","twitter_misc":{"Est. reading time":"1 minute"},"schema":{"@context":"https:\/\/schema.org","@graph":[{"@type":"WebPage","@id":"https:\/\/abc-businesscenter.com\/en\/the-centre\/","url":"https:\/\/abc-businesscenter.com\/en\/the-centre\/","name":"The Centre - ABC Business Center","isPartOf":{"@id":"https:\/\/abc-businesscenter.com\/#website"},"primaryImageOfPage":{"@id":"https:\/\/abc-businesscenter.com\/en\/the-centre\/#primaryimage"},"image":{"@id":"https:\/\/abc-businesscenter.com\/en\/the-centre\/#primaryimage"},"thumbnailUrl":"https:\/\/abc-businesscenter.com\/wp-content\/uploads\/2020\/09\/bal-1.jpg","datePublished":"2017-12-04T10:32:40+00:00","dateModified":"2018-03-22T15:43:49+00:00","breadcrumb":{"@id":"https:\/\/abc-businesscenter.com\/en\/the-centre\/#breadcrumb"},"inLanguage":"en-US","potentialAction":[{"@type":"ReadAction","target":["https:\/\/abc-businesscenter.com\/en\/the-centre\/"]}]},{"@type":"ImageObject","inLanguage":"en-US","@id":"https:\/\/abc-businesscenter.com\/en\/the-centre\/#primaryimage","url":"https:\/\/abc-businesscenter.com\/wp-content\/uploads\/2020\/09\/bal-1.jpg","contentUrl":"https:\/\/abc-businesscenter.com\/wp-content\/uploads\/2020\/09\/bal-1.jpg","width":1500,"height":1001},{"@type":"BreadcrumbList","@id":"https:\/\/abc-businesscenter.com\/en\/the-centre\/#breadcrumb","itemListElement":[{"@type":"ListItem","position":1,"name":"Accueil","item":"https:\/\/abc-businesscenter.com\/en\/"},{"@type":"ListItem","position":2,"name":"The Centre"}]},{"@type":"WebSite","@id":"https:\/\/abc-businesscenter.com\/#website","url":"https:\/\/abc-businesscenter.com\/","name":"ABC Business Center","description":"Bureaux exclusifs, Espaces de coworking , Salle de r\u00e9union. Un environnement de travail sp\u00e9cialement con\u00e7u pour optimiser vos performances. Salle de r\u00e9union. Bureaux exclusifs. Contact d\u00e9di\u00e9 unique.","potentialAction":[{"@type":"SearchAction","target":{"@type":"EntryPoint","urlTemplate":"https:\/\/abc-businesscenter.com\/?s={search_term_string}"},"query-input":{"@type":"PropertyValueSpecification","valueRequired":true,"valueName":"search_term_string"}}],"inLanguage":"en-US"}]}},"_links":{"self":[{"href":"https:\/\/abc-businesscenter.com\/en\/wp-json\/wp\/v2\/pages\/271","targetHints":{"allow":["GET"]}}],"collection":[{"href":"https:\/\/abc-businesscenter.com\/en\/wp-json\/wp\/v2\/pages"}],"about":[{"href":"https:\/\/abc-businesscenter.com\/en\/wp-json\/wp\/v2\/types\/page"}],"author":[{"embeddable":true,"href":"https:\/\/abc-businesscenter.com\/en\/wp-json\/wp\/v2\/users\/1"}],"replies":[{"embeddable":true,"href":"https:\/\/abc-businesscenter.com\/en\/wp-json\/wp\/v2\/comments?post=271"}],"version-history":[{"count":5,"href":"https:\/\/abc-businesscenter.com\/en\/wp-json\/wp\/v2\/pages\/271\/revisions"}],"predecessor-version":[{"id":311,"href":"https:\/\/abc-businesscenter.com\/en\/wp-json\/wp\/v2\/pages\/271\/revisions\/311"}],"wp:featuredmedia":[{"embeddable":true,"href":"https:\/\/abc-businesscenter.com\/en\/wp-json\/wp\/v2\/media\/359"}],"wp:attachment":[{"href":"https:\/\/abc-businesscenter.com\/en\/wp-json\/wp\/v2\/media?parent=271"}],"curies":[{"name":"wp","href":"https:\/\/api.w.org\/{rel}","templated":true}]}}