{"id":274,"date":"2017-12-04T11:32:50","date_gmt":"2017-12-04T10:32:50","guid":{"rendered":"http:\/\/abc-businesscenter.com\/les-offres\/"},"modified":"2018-03-22T17:28:38","modified_gmt":"2018-03-22T16:28:38","slug":"our-packages","status":"publish","type":"page","link":"https:\/\/abc-businesscenter.com\/en\/our-packages\/","title":{"rendered":"Our packages"},"content":{"rendered":"<h1><strong>Our packages<\/strong><\/h1>\n<p>All of ABC\u2019s service packages for office space include:<\/p>\n<ul>\n<li>registered office address service<\/li>\n<li>telephone answering service<\/li>\n<li>an optional Monaco telephone number<\/li>\n<li>customer welcome and reception services<\/li>\n<li>mail management services<\/li>\n<li>building maintenance charges<\/li>\n<li>utility charges<\/li>\n<li>telephone and internet subscriptions<\/li>\n<li>cleaning and maintenance services for your office space<\/li>\n<\/ul>\n<p><strong>The meeting room is available every weekday, although it can also be booked at weekends for an extra charge.<\/strong><\/p>\n<p>The room can seat up to 10 people and can be hired for your presentations, seminars, training programmes etc., at an hourly rate of \u20ac35 ex. VAT, \u20ac140 ex. VAT per half day or \u20ac270 ex. VAT per day.<\/p>\n<p>&nbsp;<\/p>\n<h1><\/h1>\n<p>&nbsp;<\/p>\n<h1><\/h1>\n<p>&nbsp;<\/p>\n","protected":false},"excerpt":{"rendered":"<p>Our packages All of ABC\u2019s service packages for office space include: registered office address service telephone answering service an optional Monaco telephone number customer welcome and reception services mail management services building maintenance charges utility charges telephone and internet subscriptions cleaning and maintenance services for your office space The meeting room is available every weekday, [&hellip;]<\/p>\n","protected":false},"author":1,"featured_media":346,"parent":0,"menu_order":0,"comment_status":"closed","ping_status":"closed","template":"template-nos-offres.php","meta":{"_acf_changed":false,"footnotes":""},"class_list":["post-274","page","type-page","status-publish","has-post-thumbnail","hentry"],"acf":[],"yoast_head":"<!-- This site is optimized with the Yoast SEO plugin v27.2 - https:\/\/yoast.com\/product\/yoast-seo-wordpress\/ -->\n<title>Our packages - ABC Business Center<\/title>\n<meta name=\"robots\" content=\"index, follow, max-snippet:-1, max-image-preview:large, max-video-preview:-1\" \/>\n<link rel=\"canonical\" href=\"https:\/\/abc-businesscenter.com\/en\/our-packages\/\" \/>\n<meta property=\"og:locale\" content=\"en_US\" \/>\n<meta property=\"og:type\" content=\"article\" \/>\n<meta property=\"og:title\" content=\"Our packages - ABC Business Center\" \/>\n<meta property=\"og:description\" content=\"Our packages All of ABC\u2019s service packages for office space include: registered office address service telephone answering service an optional Monaco telephone number customer welcome and reception services mail management services building maintenance charges utility charges telephone and internet subscriptions cleaning and maintenance services for your office space The meeting room is available every weekday, [&hellip;]\" \/>\n<meta property=\"og:url\" content=\"https:\/\/abc-businesscenter.com\/en\/our-packages\/\" \/>\n<meta property=\"og:site_name\" content=\"ABC Business Center\" \/>\n<meta property=\"article:modified_time\" content=\"2018-03-22T16:28:38+00:00\" \/>\n<meta property=\"og:image\" content=\"https:\/\/abc-businesscenter.com\/wp-content\/uploads\/2020\/09\/STE-ABC-HD-47-scaled.jpg\" \/>\n\t<meta property=\"og:image:width\" content=\"2560\" \/>\n\t<meta property=\"og:image:height\" content=\"1707\" \/>\n\t<meta property=\"og:image:type\" content=\"image\/jpeg\" \/>\n<meta name=\"twitter:card\" content=\"summary_large_image\" \/>\n<meta name=\"twitter:label1\" content=\"Est. reading time\" \/>\n\t<meta name=\"twitter:data1\" content=\"1 minute\" \/>\n<script type=\"application\/ld+json\" class=\"yoast-schema-graph\">{\"@context\":\"https:\/\/schema.org\",\"@graph\":[{\"@type\":\"WebPage\",\"@id\":\"https:\/\/abc-businesscenter.com\/en\/our-packages\/\",\"url\":\"https:\/\/abc-businesscenter.com\/en\/our-packages\/\",\"name\":\"Our packages - ABC Business Center\",\"isPartOf\":{\"@id\":\"https:\/\/abc-businesscenter.com\/#website\"},\"primaryImageOfPage\":{\"@id\":\"https:\/\/abc-businesscenter.com\/en\/our-packages\/#primaryimage\"},\"image\":{\"@id\":\"https:\/\/abc-businesscenter.com\/en\/our-packages\/#primaryimage\"},\"thumbnailUrl\":\"https:\/\/abc-businesscenter.com\/wp-content\/uploads\/2020\/09\/STE-ABC-HD-47-scaled.jpg\",\"datePublished\":\"2017-12-04T10:32:50+00:00\",\"dateModified\":\"2018-03-22T16:28:38+00:00\",\"breadcrumb\":{\"@id\":\"https:\/\/abc-businesscenter.com\/en\/our-packages\/#breadcrumb\"},\"inLanguage\":\"en-US\",\"potentialAction\":[{\"@type\":\"ReadAction\",\"target\":[\"https:\/\/abc-businesscenter.com\/en\/our-packages\/\"]}]},{\"@type\":\"ImageObject\",\"inLanguage\":\"en-US\",\"@id\":\"https:\/\/abc-businesscenter.com\/en\/our-packages\/#primaryimage\",\"url\":\"https:\/\/abc-businesscenter.com\/wp-content\/uploads\/2020\/09\/STE-ABC-HD-47-scaled.jpg\",\"contentUrl\":\"https:\/\/abc-businesscenter.com\/wp-content\/uploads\/2020\/09\/STE-ABC-HD-47-scaled.jpg\",\"width\":2560,\"height\":1707},{\"@type\":\"BreadcrumbList\",\"@id\":\"https:\/\/abc-businesscenter.com\/en\/our-packages\/#breadcrumb\",\"itemListElement\":[{\"@type\":\"ListItem\",\"position\":1,\"name\":\"Accueil\",\"item\":\"https:\/\/abc-businesscenter.com\/en\/\"},{\"@type\":\"ListItem\",\"position\":2,\"name\":\"Our packages\"}]},{\"@type\":\"WebSite\",\"@id\":\"https:\/\/abc-businesscenter.com\/#website\",\"url\":\"https:\/\/abc-businesscenter.com\/\",\"name\":\"ABC Business Center\",\"description\":\"Bureaux exclusifs, Espaces de coworking , Salle de r\u00e9union. Un environnement de travail sp\u00e9cialement con\u00e7u pour optimiser vos performances. Salle de r\u00e9union. Bureaux exclusifs. Contact d\u00e9di\u00e9 unique.\",\"potentialAction\":[{\"@type\":\"SearchAction\",\"target\":{\"@type\":\"EntryPoint\",\"urlTemplate\":\"https:\/\/abc-businesscenter.com\/?s={search_term_string}\"},\"query-input\":{\"@type\":\"PropertyValueSpecification\",\"valueRequired\":true,\"valueName\":\"search_term_string\"}}],\"inLanguage\":\"en-US\"}]}<\/script>\n<!-- \/ Yoast SEO plugin. -->","yoast_head_json":{"title":"Our packages - ABC Business Center","robots":{"index":"index","follow":"follow","max-snippet":"max-snippet:-1","max-image-preview":"max-image-preview:large","max-video-preview":"max-video-preview:-1"},"canonical":"https:\/\/abc-businesscenter.com\/en\/our-packages\/","og_locale":"en_US","og_type":"article","og_title":"Our packages - ABC Business Center","og_description":"Our packages All of ABC\u2019s service packages for office space include: registered office address service telephone answering service an optional Monaco telephone number customer welcome and reception services mail management services building maintenance charges utility charges telephone and internet subscriptions cleaning and maintenance services for your office space The meeting room is available every weekday, [&hellip;]","og_url":"https:\/\/abc-businesscenter.com\/en\/our-packages\/","og_site_name":"ABC Business Center","article_modified_time":"2018-03-22T16:28:38+00:00","og_image":[{"width":2560,"height":1707,"url":"https:\/\/abc-businesscenter.com\/wp-content\/uploads\/2020\/09\/STE-ABC-HD-47-scaled.jpg","type":"image\/jpeg"}],"twitter_card":"summary_large_image","twitter_misc":{"Est. reading time":"1 minute"},"schema":{"@context":"https:\/\/schema.org","@graph":[{"@type":"WebPage","@id":"https:\/\/abc-businesscenter.com\/en\/our-packages\/","url":"https:\/\/abc-businesscenter.com\/en\/our-packages\/","name":"Our packages - ABC Business Center","isPartOf":{"@id":"https:\/\/abc-businesscenter.com\/#website"},"primaryImageOfPage":{"@id":"https:\/\/abc-businesscenter.com\/en\/our-packages\/#primaryimage"},"image":{"@id":"https:\/\/abc-businesscenter.com\/en\/our-packages\/#primaryimage"},"thumbnailUrl":"https:\/\/abc-businesscenter.com\/wp-content\/uploads\/2020\/09\/STE-ABC-HD-47-scaled.jpg","datePublished":"2017-12-04T10:32:50+00:00","dateModified":"2018-03-22T16:28:38+00:00","breadcrumb":{"@id":"https:\/\/abc-businesscenter.com\/en\/our-packages\/#breadcrumb"},"inLanguage":"en-US","potentialAction":[{"@type":"ReadAction","target":["https:\/\/abc-businesscenter.com\/en\/our-packages\/"]}]},{"@type":"ImageObject","inLanguage":"en-US","@id":"https:\/\/abc-businesscenter.com\/en\/our-packages\/#primaryimage","url":"https:\/\/abc-businesscenter.com\/wp-content\/uploads\/2020\/09\/STE-ABC-HD-47-scaled.jpg","contentUrl":"https:\/\/abc-businesscenter.com\/wp-content\/uploads\/2020\/09\/STE-ABC-HD-47-scaled.jpg","width":2560,"height":1707},{"@type":"BreadcrumbList","@id":"https:\/\/abc-businesscenter.com\/en\/our-packages\/#breadcrumb","itemListElement":[{"@type":"ListItem","position":1,"name":"Accueil","item":"https:\/\/abc-businesscenter.com\/en\/"},{"@type":"ListItem","position":2,"name":"Our packages"}]},{"@type":"WebSite","@id":"https:\/\/abc-businesscenter.com\/#website","url":"https:\/\/abc-businesscenter.com\/","name":"ABC Business Center","description":"Bureaux exclusifs, Espaces de coworking , Salle de r\u00e9union. Un environnement de travail sp\u00e9cialement con\u00e7u pour optimiser vos performances. Salle de r\u00e9union. Bureaux exclusifs. Contact d\u00e9di\u00e9 unique.","potentialAction":[{"@type":"SearchAction","target":{"@type":"EntryPoint","urlTemplate":"https:\/\/abc-businesscenter.com\/?s={search_term_string}"},"query-input":{"@type":"PropertyValueSpecification","valueRequired":true,"valueName":"search_term_string"}}],"inLanguage":"en-US"}]}},"_links":{"self":[{"href":"https:\/\/abc-businesscenter.com\/en\/wp-json\/wp\/v2\/pages\/274","targetHints":{"allow":["GET"]}}],"collection":[{"href":"https:\/\/abc-businesscenter.com\/en\/wp-json\/wp\/v2\/pages"}],"about":[{"href":"https:\/\/abc-businesscenter.com\/en\/wp-json\/wp\/v2\/types\/page"}],"author":[{"embeddable":true,"href":"https:\/\/abc-businesscenter.com\/en\/wp-json\/wp\/v2\/users\/1"}],"replies":[{"embeddable":true,"href":"https:\/\/abc-businesscenter.com\/en\/wp-json\/wp\/v2\/comments?post=274"}],"version-history":[{"count":5,"href":"https:\/\/abc-businesscenter.com\/en\/wp-json\/wp\/v2\/pages\/274\/revisions"}],"predecessor-version":[{"id":323,"href":"https:\/\/abc-businesscenter.com\/en\/wp-json\/wp\/v2\/pages\/274\/revisions\/323"}],"wp:featuredmedia":[{"embeddable":true,"href":"https:\/\/abc-businesscenter.com\/en\/wp-json\/wp\/v2\/media\/346"}],"wp:attachment":[{"href":"https:\/\/abc-businesscenter.com\/en\/wp-json\/wp\/v2\/media?parent=274"}],"curies":[{"name":"wp","href":"https:\/\/api.w.org\/{rel}","templated":true}]}}