{"id":277,"date":"2017-12-13T10:09:59","date_gmt":"2017-12-13T09:09:59","guid":{"rendered":"http:\/\/abc-businesscenter.com\/les-services\/"},"modified":"2018-03-26T14:03:25","modified_gmt":"2018-03-26T12:03:25","slug":"our-services","status":"publish","type":"page","link":"https:\/\/abc-businesscenter.com\/en\/our-services\/","title":{"rendered":"Our services"},"content":{"rendered":"<h1><strong>Our services<\/strong><\/h1>\n<h3><strong>TELEPHONE ANSWERING SERVICE<\/strong><\/h3>\n<p>This service, at a cost of \u20ac150 per month, includes:<\/p>\n<ul>\n<li>a Monaco telephone number<\/li>\n<li>personalised answers for calls to this number<\/li>\n<\/ul>\n<p>These calls, managed by our secretaries as per your instructions, can be transferred (abroad, to your mobile phone, etc.) or we can provide message-taking services for you.<\/p>\n<hr \/>\n<h3><strong>SECRETARIAL SERVICES<\/strong><\/h3>\n<p>Companies and business people can access a range of personalised multilingual services:<\/p>\n<ul>\n<li>typing and data entry<\/li>\n<li>book-keeping<\/li>\n<li>planning management<\/li>\n<li>drafting meeting reports<\/li>\n<li>photocopies, emails, faxes<\/li>\n<\/ul>\n<hr \/>\n<h3><strong>TRANSLATION &#8211; INTERPRETATION<\/strong><\/h3>\n<ul>\n<li>Experienced and sworn translators are available for any translation work in any languages.<\/li>\n<li>On request an interpreter can assist you in your meetings.<\/li>\n<\/ul>\n<p>Price on request<\/p>\n<hr \/>\n<h3><strong>REGISTERED OFFICE ADDRESS<\/strong><\/h3>\n<p><em>Soci\u00e9t\u00e9s civiles particuli\u00e8res mon\u00e9gasques<\/em> [non-trading single proprietor companies constituted under Monaco law] can use A Business Center as their registered office for \u20ac50 ex. VAT per month.<\/p>\n<p>We can handle the administrative procedures required for such companies.<\/p>\n<hr \/>\n<h3><strong>RENTAL PER HOUR<\/strong><\/h3>\n<p>For a working meeting or an appointment, our offices are also available at the hourly rate of 30 euros.<\/p>\n<hr \/>\n<h3><strong>CATERING<\/strong><\/h3>\n<p>ABC can also provide catering services for your needs.<\/p>\n<p>&nbsp;<\/p>\n","protected":false},"excerpt":{"rendered":"<p>Our services TELEPHONE ANSWERING SERVICE This service, at a cost of \u20ac150 per month, includes: a Monaco telephone number personalised answers for calls to this number These calls, managed by our secretaries as per your instructions, can be transferred (abroad, to your mobile phone, etc.) or we can provide message-taking services for you. SECRETARIAL SERVICES [&hellip;]<\/p>\n","protected":false},"author":1,"featured_media":355,"parent":0,"menu_order":0,"comment_status":"closed","ping_status":"closed","template":"","meta":{"_acf_changed":false,"footnotes":""},"class_list":["post-277","page","type-page","status-publish","has-post-thumbnail","hentry"],"acf":[],"yoast_head":"<!-- This site is optimized with the Yoast SEO plugin v27.2 - https:\/\/yoast.com\/product\/yoast-seo-wordpress\/ -->\n<title>Our services - ABC Business Center<\/title>\n<meta name=\"robots\" content=\"index, follow, max-snippet:-1, max-image-preview:large, max-video-preview:-1\" \/>\n<link rel=\"canonical\" href=\"https:\/\/abc-businesscenter.com\/en\/our-services\/\" \/>\n<meta property=\"og:locale\" content=\"en_US\" \/>\n<meta property=\"og:type\" content=\"article\" \/>\n<meta property=\"og:title\" content=\"Our services - ABC Business Center\" \/>\n<meta property=\"og:description\" content=\"Our services TELEPHONE ANSWERING SERVICE This service, at a cost of \u20ac150 per month, includes: a Monaco telephone number personalised answers for calls to this number These calls, managed by our secretaries as per your instructions, can be transferred (abroad, to your mobile phone, etc.) or we can provide message-taking services for you. SECRETARIAL SERVICES [&hellip;]\" \/>\n<meta property=\"og:url\" content=\"https:\/\/abc-businesscenter.com\/en\/our-services\/\" \/>\n<meta property=\"og:site_name\" content=\"ABC Business Center\" \/>\n<meta property=\"article:modified_time\" content=\"2018-03-26T12:03:25+00:00\" \/>\n<meta property=\"og:image\" content=\"https:\/\/abc-businesscenter.com\/wp-content\/uploads\/2020\/09\/bal.jpg\" \/>\n\t<meta property=\"og:image:width\" content=\"1500\" \/>\n\t<meta property=\"og:image:height\" content=\"1001\" \/>\n\t<meta property=\"og:image:type\" content=\"image\/jpeg\" \/>\n<meta name=\"twitter:card\" content=\"summary_large_image\" \/>\n<meta name=\"twitter:label1\" content=\"Est. reading time\" \/>\n\t<meta name=\"twitter:data1\" content=\"1 minute\" \/>\n<script type=\"application\/ld+json\" class=\"yoast-schema-graph\">{\"@context\":\"https:\/\/schema.org\",\"@graph\":[{\"@type\":\"WebPage\",\"@id\":\"https:\/\/abc-businesscenter.com\/en\/our-services\/\",\"url\":\"https:\/\/abc-businesscenter.com\/en\/our-services\/\",\"name\":\"Our services - ABC Business Center\",\"isPartOf\":{\"@id\":\"https:\/\/abc-businesscenter.com\/#website\"},\"primaryImageOfPage\":{\"@id\":\"https:\/\/abc-businesscenter.com\/en\/our-services\/#primaryimage\"},\"image\":{\"@id\":\"https:\/\/abc-businesscenter.com\/en\/our-services\/#primaryimage\"},\"thumbnailUrl\":\"https:\/\/abc-businesscenter.com\/wp-content\/uploads\/2020\/09\/bal.jpg\",\"datePublished\":\"2017-12-13T09:09:59+00:00\",\"dateModified\":\"2018-03-26T12:03:25+00:00\",\"breadcrumb\":{\"@id\":\"https:\/\/abc-businesscenter.com\/en\/our-services\/#breadcrumb\"},\"inLanguage\":\"en-US\",\"potentialAction\":[{\"@type\":\"ReadAction\",\"target\":[\"https:\/\/abc-businesscenter.com\/en\/our-services\/\"]}]},{\"@type\":\"ImageObject\",\"inLanguage\":\"en-US\",\"@id\":\"https:\/\/abc-businesscenter.com\/en\/our-services\/#primaryimage\",\"url\":\"https:\/\/abc-businesscenter.com\/wp-content\/uploads\/2020\/09\/bal.jpg\",\"contentUrl\":\"https:\/\/abc-businesscenter.com\/wp-content\/uploads\/2020\/09\/bal.jpg\",\"width\":1500,\"height\":1001},{\"@type\":\"BreadcrumbList\",\"@id\":\"https:\/\/abc-businesscenter.com\/en\/our-services\/#breadcrumb\",\"itemListElement\":[{\"@type\":\"ListItem\",\"position\":1,\"name\":\"Accueil\",\"item\":\"https:\/\/abc-businesscenter.com\/en\/\"},{\"@type\":\"ListItem\",\"position\":2,\"name\":\"Our services\"}]},{\"@type\":\"WebSite\",\"@id\":\"https:\/\/abc-businesscenter.com\/#website\",\"url\":\"https:\/\/abc-businesscenter.com\/\",\"name\":\"ABC Business Center\",\"description\":\"Bureaux exclusifs, Espaces de coworking , Salle de r\u00e9union. Un environnement de travail sp\u00e9cialement con\u00e7u pour optimiser vos performances. Salle de r\u00e9union. Bureaux exclusifs. Contact d\u00e9di\u00e9 unique.\",\"potentialAction\":[{\"@type\":\"SearchAction\",\"target\":{\"@type\":\"EntryPoint\",\"urlTemplate\":\"https:\/\/abc-businesscenter.com\/?s={search_term_string}\"},\"query-input\":{\"@type\":\"PropertyValueSpecification\",\"valueRequired\":true,\"valueName\":\"search_term_string\"}}],\"inLanguage\":\"en-US\"}]}<\/script>\n<!-- \/ Yoast SEO plugin. -->","yoast_head_json":{"title":"Our services - ABC Business Center","robots":{"index":"index","follow":"follow","max-snippet":"max-snippet:-1","max-image-preview":"max-image-preview:large","max-video-preview":"max-video-preview:-1"},"canonical":"https:\/\/abc-businesscenter.com\/en\/our-services\/","og_locale":"en_US","og_type":"article","og_title":"Our services - ABC Business Center","og_description":"Our services TELEPHONE ANSWERING SERVICE This service, at a cost of \u20ac150 per month, includes: a Monaco telephone number personalised answers for calls to this number These calls, managed by our secretaries as per your instructions, can be transferred (abroad, to your mobile phone, etc.) or we can provide message-taking services for you. SECRETARIAL SERVICES [&hellip;]","og_url":"https:\/\/abc-businesscenter.com\/en\/our-services\/","og_site_name":"ABC Business Center","article_modified_time":"2018-03-26T12:03:25+00:00","og_image":[{"width":1500,"height":1001,"url":"https:\/\/abc-businesscenter.com\/wp-content\/uploads\/2020\/09\/bal.jpg","type":"image\/jpeg"}],"twitter_card":"summary_large_image","twitter_misc":{"Est. reading time":"1 minute"},"schema":{"@context":"https:\/\/schema.org","@graph":[{"@type":"WebPage","@id":"https:\/\/abc-businesscenter.com\/en\/our-services\/","url":"https:\/\/abc-businesscenter.com\/en\/our-services\/","name":"Our services - ABC Business Center","isPartOf":{"@id":"https:\/\/abc-businesscenter.com\/#website"},"primaryImageOfPage":{"@id":"https:\/\/abc-businesscenter.com\/en\/our-services\/#primaryimage"},"image":{"@id":"https:\/\/abc-businesscenter.com\/en\/our-services\/#primaryimage"},"thumbnailUrl":"https:\/\/abc-businesscenter.com\/wp-content\/uploads\/2020\/09\/bal.jpg","datePublished":"2017-12-13T09:09:59+00:00","dateModified":"2018-03-26T12:03:25+00:00","breadcrumb":{"@id":"https:\/\/abc-businesscenter.com\/en\/our-services\/#breadcrumb"},"inLanguage":"en-US","potentialAction":[{"@type":"ReadAction","target":["https:\/\/abc-businesscenter.com\/en\/our-services\/"]}]},{"@type":"ImageObject","inLanguage":"en-US","@id":"https:\/\/abc-businesscenter.com\/en\/our-services\/#primaryimage","url":"https:\/\/abc-businesscenter.com\/wp-content\/uploads\/2020\/09\/bal.jpg","contentUrl":"https:\/\/abc-businesscenter.com\/wp-content\/uploads\/2020\/09\/bal.jpg","width":1500,"height":1001},{"@type":"BreadcrumbList","@id":"https:\/\/abc-businesscenter.com\/en\/our-services\/#breadcrumb","itemListElement":[{"@type":"ListItem","position":1,"name":"Accueil","item":"https:\/\/abc-businesscenter.com\/en\/"},{"@type":"ListItem","position":2,"name":"Our services"}]},{"@type":"WebSite","@id":"https:\/\/abc-businesscenter.com\/#website","url":"https:\/\/abc-businesscenter.com\/","name":"ABC Business Center","description":"Bureaux exclusifs, Espaces de coworking , Salle de r\u00e9union. Un environnement de travail sp\u00e9cialement con\u00e7u pour optimiser vos performances. Salle de r\u00e9union. Bureaux exclusifs. Contact d\u00e9di\u00e9 unique.","potentialAction":[{"@type":"SearchAction","target":{"@type":"EntryPoint","urlTemplate":"https:\/\/abc-businesscenter.com\/?s={search_term_string}"},"query-input":{"@type":"PropertyValueSpecification","valueRequired":true,"valueName":"search_term_string"}}],"inLanguage":"en-US"}]}},"_links":{"self":[{"href":"https:\/\/abc-businesscenter.com\/en\/wp-json\/wp\/v2\/pages\/277","targetHints":{"allow":["GET"]}}],"collection":[{"href":"https:\/\/abc-businesscenter.com\/en\/wp-json\/wp\/v2\/pages"}],"about":[{"href":"https:\/\/abc-businesscenter.com\/en\/wp-json\/wp\/v2\/types\/page"}],"author":[{"embeddable":true,"href":"https:\/\/abc-businesscenter.com\/en\/wp-json\/wp\/v2\/users\/1"}],"replies":[{"embeddable":true,"href":"https:\/\/abc-businesscenter.com\/en\/wp-json\/wp\/v2\/comments?post=277"}],"version-history":[{"count":5,"href":"https:\/\/abc-businesscenter.com\/en\/wp-json\/wp\/v2\/pages\/277\/revisions"}],"predecessor-version":[{"id":324,"href":"https:\/\/abc-businesscenter.com\/en\/wp-json\/wp\/v2\/pages\/277\/revisions\/324"}],"wp:featuredmedia":[{"embeddable":true,"href":"https:\/\/abc-businesscenter.com\/en\/wp-json\/wp\/v2\/media\/355"}],"wp:attachment":[{"href":"https:\/\/abc-businesscenter.com\/en\/wp-json\/wp\/v2\/media?parent=277"}],"curies":[{"name":"wp","href":"https:\/\/api.w.org\/{rel}","templated":true}]}}