{"id":380,"date":"2020-09-21T15:52:32","date_gmt":"2020-09-21T13:52:32","guid":{"rendered":"https:\/\/abc-businesscenter.com\/?page_id=380"},"modified":"2020-09-21T15:55:10","modified_gmt":"2020-09-21T13:55:10","slug":"team","status":"publish","type":"page","link":"https:\/\/abc-businesscenter.com\/en\/team\/","title":{"rendered":"Team"},"content":{"rendered":"<h1>Team<\/h1>\n<p>ABC helps you find solutions for your business to run smoothly in the Principality Focus on growing your business ABC takes care of the rest.<br \/>\nM\u00e9lanie and Joanna will support you in your administrative procedures, from the domiciliation of your companies in Monaco, to the installation of a hotline.<\/p>\n","protected":false},"excerpt":{"rendered":"<p>Team ABC helps you find solutions for your business to run smoothly in the Principality Focus on growing your business ABC takes care of the rest. M\u00e9lanie and Joanna will support you in your administrative procedures, from the domiciliation of your companies in Monaco, to the installation of a hotline.<\/p>\n","protected":false},"author":2,"featured_media":350,"parent":0,"menu_order":0,"comment_status":"closed","ping_status":"closed","template":"template-content-col.php","meta":{"_acf_changed":false,"footnotes":""},"class_list":["post-380","page","type-page","status-publish","has-post-thumbnail","hentry"],"acf":[],"yoast_head":"<!-- This site is optimized with the Yoast SEO plugin v27.2 - https:\/\/yoast.com\/product\/yoast-seo-wordpress\/ -->\n<title>Team - ABC Business Center<\/title>\n<meta name=\"robots\" content=\"index, follow, max-snippet:-1, max-image-preview:large, max-video-preview:-1\" \/>\n<link rel=\"canonical\" href=\"https:\/\/abc-businesscenter.com\/en\/team\/\" \/>\n<meta property=\"og:locale\" content=\"en_US\" \/>\n<meta property=\"og:type\" content=\"article\" \/>\n<meta property=\"og:title\" content=\"Team - ABC Business Center\" \/>\n<meta property=\"og:description\" content=\"Team ABC helps you find solutions for your business to run smoothly in the Principality Focus on growing your business ABC takes care of the rest. M\u00e9lanie and Joanna will support you in your administrative procedures, from the domiciliation of your companies in Monaco, to the installation of a hotline.\" \/>\n<meta property=\"og:url\" content=\"https:\/\/abc-businesscenter.com\/en\/team\/\" \/>\n<meta property=\"og:site_name\" content=\"ABC Business Center\" \/>\n<meta property=\"article:modified_time\" content=\"2020-09-21T13:55:10+00:00\" \/>\n<meta property=\"og:image\" content=\"https:\/\/abc-businesscenter.com\/wp-content\/uploads\/2020\/09\/STE-ABC-HD-50-scaled.jpg\" \/>\n\t<meta property=\"og:image:width\" content=\"2560\" \/>\n\t<meta property=\"og:image:height\" content=\"1707\" \/>\n\t<meta property=\"og:image:type\" content=\"image\/jpeg\" \/>\n<meta name=\"twitter:card\" content=\"summary_large_image\" \/>\n<script type=\"application\/ld+json\" class=\"yoast-schema-graph\">{\"@context\":\"https:\/\/schema.org\",\"@graph\":[{\"@type\":\"WebPage\",\"@id\":\"https:\/\/abc-businesscenter.com\/en\/team\/\",\"url\":\"https:\/\/abc-businesscenter.com\/en\/team\/\",\"name\":\"Team - ABC Business Center\",\"isPartOf\":{\"@id\":\"https:\/\/abc-businesscenter.com\/#website\"},\"primaryImageOfPage\":{\"@id\":\"https:\/\/abc-businesscenter.com\/en\/team\/#primaryimage\"},\"image\":{\"@id\":\"https:\/\/abc-businesscenter.com\/en\/team\/#primaryimage\"},\"thumbnailUrl\":\"https:\/\/abc-businesscenter.com\/wp-content\/uploads\/2020\/09\/STE-ABC-HD-50-scaled.jpg\",\"datePublished\":\"2020-09-21T13:52:32+00:00\",\"dateModified\":\"2020-09-21T13:55:10+00:00\",\"breadcrumb\":{\"@id\":\"https:\/\/abc-businesscenter.com\/en\/team\/#breadcrumb\"},\"inLanguage\":\"en-US\",\"potentialAction\":[{\"@type\":\"ReadAction\",\"target\":[\"https:\/\/abc-businesscenter.com\/en\/team\/\"]}]},{\"@type\":\"ImageObject\",\"inLanguage\":\"en-US\",\"@id\":\"https:\/\/abc-businesscenter.com\/en\/team\/#primaryimage\",\"url\":\"https:\/\/abc-businesscenter.com\/wp-content\/uploads\/2020\/09\/STE-ABC-HD-50-scaled.jpg\",\"contentUrl\":\"https:\/\/abc-businesscenter.com\/wp-content\/uploads\/2020\/09\/STE-ABC-HD-50-scaled.jpg\",\"width\":2560,\"height\":1707},{\"@type\":\"BreadcrumbList\",\"@id\":\"https:\/\/abc-businesscenter.com\/en\/team\/#breadcrumb\",\"itemListElement\":[{\"@type\":\"ListItem\",\"position\":1,\"name\":\"Accueil\",\"item\":\"https:\/\/abc-businesscenter.com\/en\/\"},{\"@type\":\"ListItem\",\"position\":2,\"name\":\"Team\"}]},{\"@type\":\"WebSite\",\"@id\":\"https:\/\/abc-businesscenter.com\/#website\",\"url\":\"https:\/\/abc-businesscenter.com\/\",\"name\":\"ABC Business Center\",\"description\":\"Bureaux exclusifs, Espaces de coworking , Salle de r\u00e9union. Un environnement de travail sp\u00e9cialement con\u00e7u pour optimiser vos performances. Salle de r\u00e9union. Bureaux exclusifs. Contact d\u00e9di\u00e9 unique.\",\"potentialAction\":[{\"@type\":\"SearchAction\",\"target\":{\"@type\":\"EntryPoint\",\"urlTemplate\":\"https:\/\/abc-businesscenter.com\/?s={search_term_string}\"},\"query-input\":{\"@type\":\"PropertyValueSpecification\",\"valueRequired\":true,\"valueName\":\"search_term_string\"}}],\"inLanguage\":\"en-US\"}]}<\/script>\n<!-- \/ Yoast SEO plugin. -->","yoast_head_json":{"title":"Team - ABC Business Center","robots":{"index":"index","follow":"follow","max-snippet":"max-snippet:-1","max-image-preview":"max-image-preview:large","max-video-preview":"max-video-preview:-1"},"canonical":"https:\/\/abc-businesscenter.com\/en\/team\/","og_locale":"en_US","og_type":"article","og_title":"Team - ABC Business Center","og_description":"Team ABC helps you find solutions for your business to run smoothly in the Principality Focus on growing your business ABC takes care of the rest. M\u00e9lanie and Joanna will support you in your administrative procedures, from the domiciliation of your companies in Monaco, to the installation of a hotline.","og_url":"https:\/\/abc-businesscenter.com\/en\/team\/","og_site_name":"ABC Business Center","article_modified_time":"2020-09-21T13:55:10+00:00","og_image":[{"width":2560,"height":1707,"url":"https:\/\/abc-businesscenter.com\/wp-content\/uploads\/2020\/09\/STE-ABC-HD-50-scaled.jpg","type":"image\/jpeg"}],"twitter_card":"summary_large_image","schema":{"@context":"https:\/\/schema.org","@graph":[{"@type":"WebPage","@id":"https:\/\/abc-businesscenter.com\/en\/team\/","url":"https:\/\/abc-businesscenter.com\/en\/team\/","name":"Team - ABC Business Center","isPartOf":{"@id":"https:\/\/abc-businesscenter.com\/#website"},"primaryImageOfPage":{"@id":"https:\/\/abc-businesscenter.com\/en\/team\/#primaryimage"},"image":{"@id":"https:\/\/abc-businesscenter.com\/en\/team\/#primaryimage"},"thumbnailUrl":"https:\/\/abc-businesscenter.com\/wp-content\/uploads\/2020\/09\/STE-ABC-HD-50-scaled.jpg","datePublished":"2020-09-21T13:52:32+00:00","dateModified":"2020-09-21T13:55:10+00:00","breadcrumb":{"@id":"https:\/\/abc-businesscenter.com\/en\/team\/#breadcrumb"},"inLanguage":"en-US","potentialAction":[{"@type":"ReadAction","target":["https:\/\/abc-businesscenter.com\/en\/team\/"]}]},{"@type":"ImageObject","inLanguage":"en-US","@id":"https:\/\/abc-businesscenter.com\/en\/team\/#primaryimage","url":"https:\/\/abc-businesscenter.com\/wp-content\/uploads\/2020\/09\/STE-ABC-HD-50-scaled.jpg","contentUrl":"https:\/\/abc-businesscenter.com\/wp-content\/uploads\/2020\/09\/STE-ABC-HD-50-scaled.jpg","width":2560,"height":1707},{"@type":"BreadcrumbList","@id":"https:\/\/abc-businesscenter.com\/en\/team\/#breadcrumb","itemListElement":[{"@type":"ListItem","position":1,"name":"Accueil","item":"https:\/\/abc-businesscenter.com\/en\/"},{"@type":"ListItem","position":2,"name":"Team"}]},{"@type":"WebSite","@id":"https:\/\/abc-businesscenter.com\/#website","url":"https:\/\/abc-businesscenter.com\/","name":"ABC Business Center","description":"Bureaux exclusifs, Espaces de coworking , Salle de r\u00e9union. Un environnement de travail sp\u00e9cialement con\u00e7u pour optimiser vos performances. Salle de r\u00e9union. Bureaux exclusifs. Contact d\u00e9di\u00e9 unique.","potentialAction":[{"@type":"SearchAction","target":{"@type":"EntryPoint","urlTemplate":"https:\/\/abc-businesscenter.com\/?s={search_term_string}"},"query-input":{"@type":"PropertyValueSpecification","valueRequired":true,"valueName":"search_term_string"}}],"inLanguage":"en-US"}]}},"_links":{"self":[{"href":"https:\/\/abc-businesscenter.com\/en\/wp-json\/wp\/v2\/pages\/380","targetHints":{"allow":["GET"]}}],"collection":[{"href":"https:\/\/abc-businesscenter.com\/en\/wp-json\/wp\/v2\/pages"}],"about":[{"href":"https:\/\/abc-businesscenter.com\/en\/wp-json\/wp\/v2\/types\/page"}],"author":[{"embeddable":true,"href":"https:\/\/abc-businesscenter.com\/en\/wp-json\/wp\/v2\/users\/2"}],"replies":[{"embeddable":true,"href":"https:\/\/abc-businesscenter.com\/en\/wp-json\/wp\/v2\/comments?post=380"}],"version-history":[{"count":1,"href":"https:\/\/abc-businesscenter.com\/en\/wp-json\/wp\/v2\/pages\/380\/revisions"}],"predecessor-version":[{"id":381,"href":"https:\/\/abc-businesscenter.com\/en\/wp-json\/wp\/v2\/pages\/380\/revisions\/381"}],"wp:featuredmedia":[{"embeddable":true,"href":"https:\/\/abc-businesscenter.com\/en\/wp-json\/wp\/v2\/media\/350"}],"wp:attachment":[{"href":"https:\/\/abc-businesscenter.com\/en\/wp-json\/wp\/v2\/media?parent=380"}],"curies":[{"name":"wp","href":"https:\/\/api.w.org\/{rel}","templated":true}]}}